{"id":5514,"date":"2021-01-13T15:54:46","date_gmt":"2021-01-13T14:54:46","guid":{"rendered":"http:\/\/bodegassalzillo.com\/product\/camelot-doux-monastrell\/"},"modified":"2021-07-02T16:24:09","modified_gmt":"2021-07-02T14:24:09","slug":"camelot-doux-monastrell","status":"publish","type":"product","link":"https:\/\/bodegassalzillo.com\/fr\/product\/camelot-doux-monastrell\/","title":{"rendered":"Camelot Doux Monastrell"},"content":{"rendered":"<p>Des vignes de plus de 50 ans avec des rendements tr\u00e8s faibles (moins d&rsquo;un kilo par plante) et des raisins surm\u00fbris sur la vigne elle-m\u00eame.<\/p>\n<p>La mac\u00e9ration va durer une quinzaine de jours \u00e0 basse temp\u00e9rature, produisant un arr\u00eat de fermentation d\u00fb \u00e0 l&rsquo;ajout d&rsquo;alcool.<\/p>\n<p>Le mo\u00fbt est obtenu gr\u00e2ce \u00e0 un pressurage \u00e0 basses pressions \u00e9tant celui-ci d\u00e9pos\u00e9 dans le le soutirage des f\u00fbts passant ensuite aux f\u00fbts pour l&rsquo;apprivoisement de ses tannins.<\/p>\n<p>[vc_row][vc_column][vc_empty_space]<a class=\"qodef-shortcode qodef-m  qodef-button qodef-layout--filled  qodef-html--link\" href=\"https:\/\/bodegassalzillo.com\/wp-content\/uploads\/2021\/07\/Camelot-Doux-Monastrell-spain.pdf\" target=\"_blank\"  ><span class=\"qodef-m-text\">Fiche technique<\/span><\/a>[vc_empty_space][\/vc_column][\/vc_row]<\/p>\n","protected":false},"excerpt":{"rendered":"<p><strong>Notes de d\u00e9gustation<\/strong><\/p>\n<p><strong>Vue<\/strong>: cerise intense<br \/>\n<strong>Nez<\/strong> : ar\u00f4mes de fruits surm\u00fbris tels que les prunes, les figues et les raisins secs accompagn\u00e9s de terp\u00e8nes bois\u00e9s gr\u00e2ce \u00e0 son passage dans le bois.<br \/>\n<strong>Bouche<\/strong> : \u00e9quilibre entre les sucres et l&rsquo;acidit\u00e9 d&rsquo;o\u00f9 l&rsquo;on obtient un vin exub\u00e9rant et exquis avec un long trace et un heureux souvenir.<\/p>\n<p><strong>Informations g\u00e9n\u00e9rales<\/strong><\/p>\n<p><strong>Quantit\u00e9 (L):<\/strong> 0,5<br \/>\n<strong>% d&rsquo;alcool :<\/strong> 15\u00ba.<br \/>\n<strong>Vari\u00e9t\u00e9<\/strong> : Monastrell 100%.<br \/>\n<strong>Appellation d&rsquo;origine :<\/strong> Appellation d&rsquo;origine Jumilla<br \/>\n<strong>Type de vin :<\/strong> Vin rouge doux<br \/>\n<strong>Temps en f\u00fbt:<\/strong> 4 mois<br \/>\n<strong>Type de f\u00fbt :<\/strong> ch\u00eane am\u00e9ricain<\/p>\n","protected":false},"featured_media":5515,"comment_status":"open","ping_status":"closed","template":"","meta":[],"product_brand":[],"product_cat":[125,122],"product_tag":[],"class_list":{"0":"post-5514","1":"product","2":"type-product","3":"status-publish","4":"has-post-thumbnail","6":"product_cat-doux","7":"product_cat-rouge","8":"product_shipping_class-pour-les-commandes-de-1-bouteille","10":"first","11":"instock","12":"sold-individually","13":"taxable","14":"shipping-taxable","15":"purchasable","16":"product-type-simple"},"yoast_head":"<!-- This site is optimized with the Yoast SEO plugin v27.4 - https:\/\/yoast.com\/product\/yoast-seo-wordpress\/ -->\n<title>Camelot Doux Monastrell - Bodegas Salzillo<\/title>\n<meta name=\"robots\" content=\"index, follow, max-snippet:-1, max-image-preview:large, max-video-preview:-1\" \/>\n<link rel=\"canonical\" href=\"https:\/\/bodegassalzillo.com\/fr\/produit\/camelot-doux-monastrell\/\" \/>\n<meta property=\"og:locale\" content=\"fr_FR\" \/>\n<meta property=\"og:type\" content=\"article\" \/>\n<meta property=\"og:title\" content=\"Camelot Doux Monastrell - Bodegas Salzillo\" \/>\n<meta property=\"og:description\" content=\"Notes de d\u00e9gustation  Vue: cerise intense Nez : ar\u00f4mes de fruits surm\u00fbris tels que les prunes, les figues et les raisins secs accompagn\u00e9s de terp\u00e8nes bois\u00e9s gr\u00e2ce \u00e0 son passage dans le bois. Bouche : \u00e9quilibre entre les sucres et l&#039;acidit\u00e9 d&#039;o\u00f9 l&#039;on obtient un vin exub\u00e9rant et exquis avec un long trace et un heureux souvenir.  Informations g\u00e9n\u00e9rales  Quantit\u00e9 (L): 0,5 % d&#039;alcool : 15\u00ba. Vari\u00e9t\u00e9 : Monastrell 100%. Appellation d&#039;origine : Appellation d&#039;origine Jumilla Type de vin : Vin rouge doux Temps en f\u00fbt: 4 mois Type de f\u00fbt : ch\u00eane am\u00e9ricain\" \/>\n<meta property=\"og:url\" content=\"https:\/\/bodegassalzillo.com\/fr\/produit\/camelot-doux-monastrell\/\" \/>\n<meta property=\"og:site_name\" content=\"Bodegas Salzillo\" \/>\n<meta property=\"article:modified_time\" content=\"2021-07-02T14:24:09+00:00\" \/>\n<meta property=\"og:image\" content=\"https:\/\/bodegassalzillo.com\/wp-content\/uploads\/2021\/02\/Vino-Camelot-dulce-Monastrell-jumilla-spain-tienda-online.jpg\" \/>\n\t<meta property=\"og:image:width\" content=\"900\" \/>\n\t<meta property=\"og:image:height\" content=\"900\" \/>\n\t<meta property=\"og:image:type\" content=\"image\/jpeg\" \/>\n<meta name=\"twitter:card\" content=\"summary_large_image\" \/>\n<meta name=\"twitter:label1\" content=\"Dur\u00e9e de lecture estim\u00e9e\" \/>\n\t<meta name=\"twitter:data1\" content=\"1 minute\" \/>\n<script type=\"application\/ld+json\" class=\"yoast-schema-graph\">{\"@context\":\"https:\\\/\\\/schema.org\",\"@graph\":[{\"@type\":\"WebPage\",\"@id\":\"https:\\\/\\\/bodegassalzillo.com\\\/fr\\\/produit\\\/camelot-doux-monastrell\\\/\",\"url\":\"https:\\\/\\\/bodegassalzillo.com\\\/fr\\\/produit\\\/camelot-doux-monastrell\\\/\",\"name\":\"Camelot Doux Monastrell - Bodegas Salzillo\",\"isPartOf\":{\"@id\":\"https:\\\/\\\/bodegassalzillo.com\\\/#website\"},\"primaryImageOfPage\":{\"@id\":\"https:\\\/\\\/bodegassalzillo.com\\\/fr\\\/produit\\\/camelot-doux-monastrell\\\/#primaryimage\"},\"image\":{\"@id\":\"https:\\\/\\\/bodegassalzillo.com\\\/fr\\\/produit\\\/camelot-doux-monastrell\\\/#primaryimage\"},\"thumbnailUrl\":\"https:\\\/\\\/bodegassalzillo.com\\\/wp-content\\\/uploads\\\/2021\\\/02\\\/Vino-Camelot-dulce-Monastrell-jumilla-spain-tienda-online.jpg\",\"datePublished\":\"2021-01-13T14:54:46+00:00\",\"dateModified\":\"2021-07-02T14:24:09+00:00\",\"breadcrumb\":{\"@id\":\"https:\\\/\\\/bodegassalzillo.com\\\/fr\\\/produit\\\/camelot-doux-monastrell\\\/#breadcrumb\"},\"inLanguage\":\"fr-FR\",\"potentialAction\":[{\"@type\":\"ReadAction\",\"target\":[\"https:\\\/\\\/bodegassalzillo.com\\\/fr\\\/produit\\\/camelot-doux-monastrell\\\/\"]}]},{\"@type\":\"ImageObject\",\"inLanguage\":\"fr-FR\",\"@id\":\"https:\\\/\\\/bodegassalzillo.com\\\/fr\\\/produit\\\/camelot-doux-monastrell\\\/#primaryimage\",\"url\":\"https:\\\/\\\/bodegassalzillo.com\\\/wp-content\\\/uploads\\\/2021\\\/02\\\/Vino-Camelot-dulce-Monastrell-jumilla-spain-tienda-online.jpg\",\"contentUrl\":\"https:\\\/\\\/bodegassalzillo.com\\\/wp-content\\\/uploads\\\/2021\\\/02\\\/Vino-Camelot-dulce-Monastrell-jumilla-spain-tienda-online.jpg\",\"width\":900,\"height\":900,\"caption\":\"Vino-Camelot-dulce-Monastrell-jumilla-spain-tienda-online\"},{\"@type\":\"BreadcrumbList\",\"@id\":\"https:\\\/\\\/bodegassalzillo.com\\\/fr\\\/produit\\\/camelot-doux-monastrell\\\/#breadcrumb\",\"itemListElement\":[{\"@type\":\"ListItem\",\"position\":1,\"name\":\"Portada\",\"item\":\"https:\\\/\\\/bodegassalzillo.com\\\/fr\\\/\"},{\"@type\":\"ListItem\",\"position\":2,\"name\":\"Tienda\",\"item\":\"https:\\\/\\\/bodegassalzillo.com\\\/tienda-de-vinos-jumilla\\\/\"},{\"@type\":\"ListItem\",\"position\":3,\"name\":\"Camelot Doux Monastrell\"}]},{\"@type\":\"WebSite\",\"@id\":\"https:\\\/\\\/bodegassalzillo.com\\\/#website\",\"url\":\"https:\\\/\\\/bodegassalzillo.com\\\/\",\"name\":\"Bodegas Salzillo\",\"description\":\"Bodegas de vino premium espa\u00f1oles\",\"potentialAction\":[{\"@type\":\"SearchAction\",\"target\":{\"@type\":\"EntryPoint\",\"urlTemplate\":\"https:\\\/\\\/bodegassalzillo.com\\\/?s={search_term_string}\"},\"query-input\":{\"@type\":\"PropertyValueSpecification\",\"valueRequired\":true,\"valueName\":\"search_term_string\"}}],\"inLanguage\":\"fr-FR\"}]}<\/script>\n<!-- \/ Yoast SEO plugin. -->","yoast_head_json":{"title":"Camelot Doux Monastrell - Bodegas Salzillo","robots":{"index":"index","follow":"follow","max-snippet":"max-snippet:-1","max-image-preview":"max-image-preview:large","max-video-preview":"max-video-preview:-1"},"canonical":"https:\/\/bodegassalzillo.com\/fr\/produit\/camelot-doux-monastrell\/","og_locale":"fr_FR","og_type":"article","og_title":"Camelot Doux Monastrell - Bodegas Salzillo","og_description":"Notes de d\u00e9gustation  Vue: cerise intense Nez : ar\u00f4mes de fruits surm\u00fbris tels que les prunes, les figues et les raisins secs accompagn\u00e9s de terp\u00e8nes bois\u00e9s gr\u00e2ce \u00e0 son passage dans le bois. Bouche : \u00e9quilibre entre les sucres et l'acidit\u00e9 d'o\u00f9 l'on obtient un vin exub\u00e9rant et exquis avec un long trace et un heureux souvenir.  Informations g\u00e9n\u00e9rales  Quantit\u00e9 (L): 0,5 % d'alcool : 15\u00ba. Vari\u00e9t\u00e9 : Monastrell 100%. Appellation d'origine : Appellation d'origine Jumilla Type de vin : Vin rouge doux Temps en f\u00fbt: 4 mois Type de f\u00fbt : ch\u00eane am\u00e9ricain","og_url":"https:\/\/bodegassalzillo.com\/fr\/produit\/camelot-doux-monastrell\/","og_site_name":"Bodegas Salzillo","article_modified_time":"2021-07-02T14:24:09+00:00","og_image":[{"width":900,"height":900,"url":"https:\/\/bodegassalzillo.com\/wp-content\/uploads\/2021\/02\/Vino-Camelot-dulce-Monastrell-jumilla-spain-tienda-online.jpg","type":"image\/jpeg"}],"twitter_card":"summary_large_image","twitter_misc":{"Dur\u00e9e de lecture estim\u00e9e":"1 minute"},"schema":{"@context":"https:\/\/schema.org","@graph":[{"@type":"WebPage","@id":"https:\/\/bodegassalzillo.com\/fr\/produit\/camelot-doux-monastrell\/","url":"https:\/\/bodegassalzillo.com\/fr\/produit\/camelot-doux-monastrell\/","name":"Camelot Doux Monastrell - Bodegas Salzillo","isPartOf":{"@id":"https:\/\/bodegassalzillo.com\/#website"},"primaryImageOfPage":{"@id":"https:\/\/bodegassalzillo.com\/fr\/produit\/camelot-doux-monastrell\/#primaryimage"},"image":{"@id":"https:\/\/bodegassalzillo.com\/fr\/produit\/camelot-doux-monastrell\/#primaryimage"},"thumbnailUrl":"https:\/\/bodegassalzillo.com\/wp-content\/uploads\/2021\/02\/Vino-Camelot-dulce-Monastrell-jumilla-spain-tienda-online.jpg","datePublished":"2021-01-13T14:54:46+00:00","dateModified":"2021-07-02T14:24:09+00:00","breadcrumb":{"@id":"https:\/\/bodegassalzillo.com\/fr\/produit\/camelot-doux-monastrell\/#breadcrumb"},"inLanguage":"fr-FR","potentialAction":[{"@type":"ReadAction","target":["https:\/\/bodegassalzillo.com\/fr\/produit\/camelot-doux-monastrell\/"]}]},{"@type":"ImageObject","inLanguage":"fr-FR","@id":"https:\/\/bodegassalzillo.com\/fr\/produit\/camelot-doux-monastrell\/#primaryimage","url":"https:\/\/bodegassalzillo.com\/wp-content\/uploads\/2021\/02\/Vino-Camelot-dulce-Monastrell-jumilla-spain-tienda-online.jpg","contentUrl":"https:\/\/bodegassalzillo.com\/wp-content\/uploads\/2021\/02\/Vino-Camelot-dulce-Monastrell-jumilla-spain-tienda-online.jpg","width":900,"height":900,"caption":"Vino-Camelot-dulce-Monastrell-jumilla-spain-tienda-online"},{"@type":"BreadcrumbList","@id":"https:\/\/bodegassalzillo.com\/fr\/produit\/camelot-doux-monastrell\/#breadcrumb","itemListElement":[{"@type":"ListItem","position":1,"name":"Portada","item":"https:\/\/bodegassalzillo.com\/fr\/"},{"@type":"ListItem","position":2,"name":"Tienda","item":"https:\/\/bodegassalzillo.com\/tienda-de-vinos-jumilla\/"},{"@type":"ListItem","position":3,"name":"Camelot Doux Monastrell"}]},{"@type":"WebSite","@id":"https:\/\/bodegassalzillo.com\/#website","url":"https:\/\/bodegassalzillo.com\/","name":"Bodegas Salzillo","description":"Bodegas de vino premium espa\u00f1oles","potentialAction":[{"@type":"SearchAction","target":{"@type":"EntryPoint","urlTemplate":"https:\/\/bodegassalzillo.com\/?s={search_term_string}"},"query-input":{"@type":"PropertyValueSpecification","valueRequired":true,"valueName":"search_term_string"}}],"inLanguage":"fr-FR"}]}},"_links":{"self":[{"href":"https:\/\/bodegassalzillo.com\/fr\/wp-json\/wp\/v2\/product\/5514","targetHints":{"allow":["GET"]}}],"collection":[{"href":"https:\/\/bodegassalzillo.com\/fr\/wp-json\/wp\/v2\/product"}],"about":[{"href":"https:\/\/bodegassalzillo.com\/fr\/wp-json\/wp\/v2\/types\/product"}],"replies":[{"embeddable":true,"href":"https:\/\/bodegassalzillo.com\/fr\/wp-json\/wp\/v2\/comments?post=5514"}],"wp:featuredmedia":[{"embeddable":true,"href":"https:\/\/bodegassalzillo.com\/fr\/wp-json\/wp\/v2\/media\/5515"}],"wp:attachment":[{"href":"https:\/\/bodegassalzillo.com\/fr\/wp-json\/wp\/v2\/media?parent=5514"}],"wp:term":[{"taxonomy":"product_brand","embeddable":true,"href":"https:\/\/bodegassalzillo.com\/fr\/wp-json\/wp\/v2\/product_brand?post=5514"},{"taxonomy":"product_cat","embeddable":true,"href":"https:\/\/bodegassalzillo.com\/fr\/wp-json\/wp\/v2\/product_cat?post=5514"},{"taxonomy":"product_tag","embeddable":true,"href":"https:\/\/bodegassalzillo.com\/fr\/wp-json\/wp\/v2\/product_tag?post=5514"}],"curies":[{"name":"wp","href":"https:\/\/api.w.org\/{rel}","templated":true}]}}