{"id":5512,"date":"2021-01-13T15:52:44","date_gmt":"2021-01-13T14:52:44","guid":{"rendered":"http:\/\/bodegassalzillo.com\/product\/matius-crianza-monastrell-9-mois\/"},"modified":"2021-07-02T13:53:06","modified_gmt":"2021-07-02T11:53:06","slug":"matius-crianza-monastrell-9-mois","status":"publish","type":"product","link":"https:\/\/bodegassalzillo.com\/fr\/product\/matius-crianza-monastrell-9-mois\/","title":{"rendered":"Matius Crianza Monastrell 9 mois"},"content":{"rendered":"<p>Les raisins proviennent de vignes de six ans d&rsquo;\u00e2ge de la vari\u00e9t\u00e9 Monastrell, situ\u00e9es dans la zone de plus haute altitude de l&rsquo;AO Jumilla, sur des sols bruns calcaires, non exempts de mati\u00e8re organique, diminuant \u00e0 plus grande profondeur.\u00a0<\/p>\n<p>Tous ces aspects, combin\u00e9s \u00e0 une viticulture extensive, nous donnent des raisins avec une grande concentration d&rsquo;ar\u00f4mes et de saveurs.\u00a0<\/p>\n<p>Ceux-ci sont vinifi\u00e9s avec le plus grand soin associ\u00e9 \u00e0 de nouvelles techniques de vinification : les raisins sont soumis \u00e0 des processus de mac\u00e9ration prononc\u00e9s afin d&rsquo;obtenir la plus grande richesse polyph\u00e9nolique, Matius est d\u00e9pos\u00e9 apr\u00e8s la fermentation alcoolique dans des f\u00fbts de ch\u00eane fran\u00e7ais et am\u00e9ricain o\u00f9 a lieu la fermentation malolactique, o\u00f9 il restera pendant environ neuf mois.<\/p>\n<p>[vc_row][vc_column][vc_empty_space]<a class=\"qodef-shortcode qodef-m  qodef-button qodef-layout--filled  qodef-html--link\" href=\"https:\/\/bodegassalzillo.com\/wp-content\/uploads\/2021\/07\/Matius-Crianza-Monastrell-9-mois-spain.pdf\" target=\"_blank\"  ><span class=\"qodef-m-text\">Fiche technique<\/span><\/a>[vc_empty_space][\/vc_column][\/vc_row]<\/p>\n","protected":false},"excerpt":{"rendered":"<p><strong>Notes de d\u00e9gustation<\/strong><\/p>\n<p><strong>Vue<\/strong>: rouge cerise avec des tons violets, avec un anneau s\u00e9duisant.<br \/>\n<strong>Nez<\/strong> : il pr\u00e9sente une grande diversit\u00e9 aromatique, mettant en valeur les ar\u00f4mes de fruits m\u00fbrs amalgam\u00e9s \u00e0 des tonalit\u00e9s \u00e9pic\u00e9es et fum\u00e9es typiques de son s\u00e9jour dans le bois.<br \/>\n<strong>Bouche<\/strong> : c&rsquo;est un vin velout\u00e9, rond, \u00e9quilibr\u00e9 et balsamique.<\/p>\n<p>Informations g\u00e9n\u00e9rales<\/p>\n<p><strong>Quantit\u00e9 (L)<\/strong>: 0,75<br \/>\n<strong>% d&rsquo;alcool :<\/strong> 14,5\u00ba.<br \/>\n<strong>Vari\u00e9t\u00e9<\/strong> : Monastrell 100%.<br \/>\n<strong>Appellation d\u2019origine:<\/strong> Appellation d\u2019origine Jumilla<br \/>\n<strong>Type de vin<\/strong> : Crianza rouge<br \/>\n<strong>Temps en f\u00fbt<\/strong>: 9 mois<br \/>\n<strong>Type de f\u00fbt<\/strong> : ch\u00eane fran\u00e7ais et am\u00e9ricain<\/p>\n","protected":false},"featured_media":5513,"comment_status":"open","ping_status":"closed","template":"","meta":[],"product_brand":[],"product_cat":[124,122],"product_tag":[],"class_list":{"0":"post-5512","1":"product","2":"type-product","3":"status-publish","4":"has-post-thumbnail","6":"product_cat-crianza-fr","7":"product_cat-rouge","8":"product_shipping_class-pour-les-commandes-de-1-bouteille","10":"first","11":"instock","12":"sold-individually","13":"taxable","14":"shipping-taxable","15":"purchasable","16":"product-type-simple"},"yoast_head":"<!-- This site is optimized with the Yoast SEO plugin v27.4 - https:\/\/yoast.com\/product\/yoast-seo-wordpress\/ -->\n<title>Matius Crianza Monastrell 9 mois - Bodegas Salzillo<\/title>\n<meta name=\"robots\" content=\"index, follow, max-snippet:-1, max-image-preview:large, max-video-preview:-1\" \/>\n<link rel=\"canonical\" href=\"https:\/\/bodegassalzillo.com\/fr\/produit\/matius-crianza-monastrell-9-mois\/\" \/>\n<meta property=\"og:locale\" content=\"fr_FR\" \/>\n<meta property=\"og:type\" content=\"article\" \/>\n<meta property=\"og:title\" content=\"Matius Crianza Monastrell 9 mois - Bodegas Salzillo\" \/>\n<meta property=\"og:description\" content=\"Notes de d\u00e9gustation  Vue: rouge cerise avec des tons violets, avec un anneau s\u00e9duisant. Nez : il pr\u00e9sente une grande diversit\u00e9 aromatique, mettant en valeur les ar\u00f4mes de fruits m\u00fbrs amalgam\u00e9s \u00e0 des tonalit\u00e9s \u00e9pic\u00e9es et fum\u00e9es typiques de son s\u00e9jour dans le bois. Bouche : c&#039;est un vin velout\u00e9, rond, \u00e9quilibr\u00e9 et balsamique.  Informations g\u00e9n\u00e9rales  Quantit\u00e9 (L): 0,75 % d&#039;alcool : 14,5\u00ba. Vari\u00e9t\u00e9 : Monastrell 100%. Appellation d\u2019origine: Appellation d\u2019origine Jumilla Type de vin : Crianza rouge Temps en f\u00fbt: 9 mois Type de f\u00fbt : ch\u00eane fran\u00e7ais et am\u00e9ricain\" \/>\n<meta property=\"og:url\" content=\"https:\/\/bodegassalzillo.com\/fr\/produit\/matius-crianza-monastrell-9-mois\/\" \/>\n<meta property=\"og:site_name\" content=\"Bodegas Salzillo\" \/>\n<meta property=\"article:modified_time\" content=\"2021-07-02T11:53:06+00:00\" \/>\n<meta property=\"og:image\" content=\"https:\/\/bodegassalzillo.com\/wp-content\/uploads\/2021\/02\/Vino-Matius-jumilla-spain-tienda-online.jpg\" \/>\n\t<meta property=\"og:image:width\" content=\"900\" \/>\n\t<meta property=\"og:image:height\" content=\"900\" \/>\n\t<meta property=\"og:image:type\" content=\"image\/jpeg\" \/>\n<meta name=\"twitter:card\" content=\"summary_large_image\" \/>\n<meta name=\"twitter:label1\" content=\"Dur\u00e9e de lecture estim\u00e9e\" \/>\n\t<meta name=\"twitter:data1\" content=\"1 minute\" \/>\n<script type=\"application\/ld+json\" class=\"yoast-schema-graph\">{\"@context\":\"https:\\\/\\\/schema.org\",\"@graph\":[{\"@type\":\"WebPage\",\"@id\":\"https:\\\/\\\/bodegassalzillo.com\\\/fr\\\/produit\\\/matius-crianza-monastrell-9-mois\\\/\",\"url\":\"https:\\\/\\\/bodegassalzillo.com\\\/fr\\\/produit\\\/matius-crianza-monastrell-9-mois\\\/\",\"name\":\"Matius Crianza Monastrell 9 mois - Bodegas Salzillo\",\"isPartOf\":{\"@id\":\"https:\\\/\\\/bodegassalzillo.com\\\/#website\"},\"primaryImageOfPage\":{\"@id\":\"https:\\\/\\\/bodegassalzillo.com\\\/fr\\\/produit\\\/matius-crianza-monastrell-9-mois\\\/#primaryimage\"},\"image\":{\"@id\":\"https:\\\/\\\/bodegassalzillo.com\\\/fr\\\/produit\\\/matius-crianza-monastrell-9-mois\\\/#primaryimage\"},\"thumbnailUrl\":\"https:\\\/\\\/bodegassalzillo.com\\\/wp-content\\\/uploads\\\/2021\\\/02\\\/Vino-Matius-jumilla-spain-tienda-online.jpg\",\"datePublished\":\"2021-01-13T14:52:44+00:00\",\"dateModified\":\"2021-07-02T11:53:06+00:00\",\"breadcrumb\":{\"@id\":\"https:\\\/\\\/bodegassalzillo.com\\\/fr\\\/produit\\\/matius-crianza-monastrell-9-mois\\\/#breadcrumb\"},\"inLanguage\":\"fr-FR\",\"potentialAction\":[{\"@type\":\"ReadAction\",\"target\":[\"https:\\\/\\\/bodegassalzillo.com\\\/fr\\\/produit\\\/matius-crianza-monastrell-9-mois\\\/\"]}]},{\"@type\":\"ImageObject\",\"inLanguage\":\"fr-FR\",\"@id\":\"https:\\\/\\\/bodegassalzillo.com\\\/fr\\\/produit\\\/matius-crianza-monastrell-9-mois\\\/#primaryimage\",\"url\":\"https:\\\/\\\/bodegassalzillo.com\\\/wp-content\\\/uploads\\\/2021\\\/02\\\/Vino-Matius-jumilla-spain-tienda-online.jpg\",\"contentUrl\":\"https:\\\/\\\/bodegassalzillo.com\\\/wp-content\\\/uploads\\\/2021\\\/02\\\/Vino-Matius-jumilla-spain-tienda-online.jpg\",\"width\":900,\"height\":900,\"caption\":\"Vino-Matius-jumilla-spain-tienda-online\"},{\"@type\":\"BreadcrumbList\",\"@id\":\"https:\\\/\\\/bodegassalzillo.com\\\/fr\\\/produit\\\/matius-crianza-monastrell-9-mois\\\/#breadcrumb\",\"itemListElement\":[{\"@type\":\"ListItem\",\"position\":1,\"name\":\"Portada\",\"item\":\"https:\\\/\\\/bodegassalzillo.com\\\/fr\\\/\"},{\"@type\":\"ListItem\",\"position\":2,\"name\":\"Tienda\",\"item\":\"https:\\\/\\\/bodegassalzillo.com\\\/tienda-de-vinos-jumilla\\\/\"},{\"@type\":\"ListItem\",\"position\":3,\"name\":\"Matius Crianza Monastrell 9 mois\"}]},{\"@type\":\"WebSite\",\"@id\":\"https:\\\/\\\/bodegassalzillo.com\\\/#website\",\"url\":\"https:\\\/\\\/bodegassalzillo.com\\\/\",\"name\":\"Bodegas Salzillo\",\"description\":\"Bodegas de vino premium espa\u00f1oles\",\"potentialAction\":[{\"@type\":\"SearchAction\",\"target\":{\"@type\":\"EntryPoint\",\"urlTemplate\":\"https:\\\/\\\/bodegassalzillo.com\\\/?s={search_term_string}\"},\"query-input\":{\"@type\":\"PropertyValueSpecification\",\"valueRequired\":true,\"valueName\":\"search_term_string\"}}],\"inLanguage\":\"fr-FR\"}]}<\/script>\n<!-- \/ Yoast SEO plugin. -->","yoast_head_json":{"title":"Matius Crianza Monastrell 9 mois - Bodegas Salzillo","robots":{"index":"index","follow":"follow","max-snippet":"max-snippet:-1","max-image-preview":"max-image-preview:large","max-video-preview":"max-video-preview:-1"},"canonical":"https:\/\/bodegassalzillo.com\/fr\/produit\/matius-crianza-monastrell-9-mois\/","og_locale":"fr_FR","og_type":"article","og_title":"Matius Crianza Monastrell 9 mois - Bodegas Salzillo","og_description":"Notes de d\u00e9gustation  Vue: rouge cerise avec des tons violets, avec un anneau s\u00e9duisant. Nez : il pr\u00e9sente une grande diversit\u00e9 aromatique, mettant en valeur les ar\u00f4mes de fruits m\u00fbrs amalgam\u00e9s \u00e0 des tonalit\u00e9s \u00e9pic\u00e9es et fum\u00e9es typiques de son s\u00e9jour dans le bois. Bouche : c'est un vin velout\u00e9, rond, \u00e9quilibr\u00e9 et balsamique.  Informations g\u00e9n\u00e9rales  Quantit\u00e9 (L): 0,75 % d'alcool : 14,5\u00ba. Vari\u00e9t\u00e9 : Monastrell 100%. Appellation d\u2019origine: Appellation d\u2019origine Jumilla Type de vin : Crianza rouge Temps en f\u00fbt: 9 mois Type de f\u00fbt : ch\u00eane fran\u00e7ais et am\u00e9ricain","og_url":"https:\/\/bodegassalzillo.com\/fr\/produit\/matius-crianza-monastrell-9-mois\/","og_site_name":"Bodegas Salzillo","article_modified_time":"2021-07-02T11:53:06+00:00","og_image":[{"width":900,"height":900,"url":"https:\/\/bodegassalzillo.com\/wp-content\/uploads\/2021\/02\/Vino-Matius-jumilla-spain-tienda-online.jpg","type":"image\/jpeg"}],"twitter_card":"summary_large_image","twitter_misc":{"Dur\u00e9e de lecture estim\u00e9e":"1 minute"},"schema":{"@context":"https:\/\/schema.org","@graph":[{"@type":"WebPage","@id":"https:\/\/bodegassalzillo.com\/fr\/produit\/matius-crianza-monastrell-9-mois\/","url":"https:\/\/bodegassalzillo.com\/fr\/produit\/matius-crianza-monastrell-9-mois\/","name":"Matius Crianza Monastrell 9 mois - Bodegas Salzillo","isPartOf":{"@id":"https:\/\/bodegassalzillo.com\/#website"},"primaryImageOfPage":{"@id":"https:\/\/bodegassalzillo.com\/fr\/produit\/matius-crianza-monastrell-9-mois\/#primaryimage"},"image":{"@id":"https:\/\/bodegassalzillo.com\/fr\/produit\/matius-crianza-monastrell-9-mois\/#primaryimage"},"thumbnailUrl":"https:\/\/bodegassalzillo.com\/wp-content\/uploads\/2021\/02\/Vino-Matius-jumilla-spain-tienda-online.jpg","datePublished":"2021-01-13T14:52:44+00:00","dateModified":"2021-07-02T11:53:06+00:00","breadcrumb":{"@id":"https:\/\/bodegassalzillo.com\/fr\/produit\/matius-crianza-monastrell-9-mois\/#breadcrumb"},"inLanguage":"fr-FR","potentialAction":[{"@type":"ReadAction","target":["https:\/\/bodegassalzillo.com\/fr\/produit\/matius-crianza-monastrell-9-mois\/"]}]},{"@type":"ImageObject","inLanguage":"fr-FR","@id":"https:\/\/bodegassalzillo.com\/fr\/produit\/matius-crianza-monastrell-9-mois\/#primaryimage","url":"https:\/\/bodegassalzillo.com\/wp-content\/uploads\/2021\/02\/Vino-Matius-jumilla-spain-tienda-online.jpg","contentUrl":"https:\/\/bodegassalzillo.com\/wp-content\/uploads\/2021\/02\/Vino-Matius-jumilla-spain-tienda-online.jpg","width":900,"height":900,"caption":"Vino-Matius-jumilla-spain-tienda-online"},{"@type":"BreadcrumbList","@id":"https:\/\/bodegassalzillo.com\/fr\/produit\/matius-crianza-monastrell-9-mois\/#breadcrumb","itemListElement":[{"@type":"ListItem","position":1,"name":"Portada","item":"https:\/\/bodegassalzillo.com\/fr\/"},{"@type":"ListItem","position":2,"name":"Tienda","item":"https:\/\/bodegassalzillo.com\/tienda-de-vinos-jumilla\/"},{"@type":"ListItem","position":3,"name":"Matius Crianza Monastrell 9 mois"}]},{"@type":"WebSite","@id":"https:\/\/bodegassalzillo.com\/#website","url":"https:\/\/bodegassalzillo.com\/","name":"Bodegas Salzillo","description":"Bodegas de vino premium espa\u00f1oles","potentialAction":[{"@type":"SearchAction","target":{"@type":"EntryPoint","urlTemplate":"https:\/\/bodegassalzillo.com\/?s={search_term_string}"},"query-input":{"@type":"PropertyValueSpecification","valueRequired":true,"valueName":"search_term_string"}}],"inLanguage":"fr-FR"}]}},"_links":{"self":[{"href":"https:\/\/bodegassalzillo.com\/fr\/wp-json\/wp\/v2\/product\/5512","targetHints":{"allow":["GET"]}}],"collection":[{"href":"https:\/\/bodegassalzillo.com\/fr\/wp-json\/wp\/v2\/product"}],"about":[{"href":"https:\/\/bodegassalzillo.com\/fr\/wp-json\/wp\/v2\/types\/product"}],"replies":[{"embeddable":true,"href":"https:\/\/bodegassalzillo.com\/fr\/wp-json\/wp\/v2\/comments?post=5512"}],"wp:featuredmedia":[{"embeddable":true,"href":"https:\/\/bodegassalzillo.com\/fr\/wp-json\/wp\/v2\/media\/5513"}],"wp:attachment":[{"href":"https:\/\/bodegassalzillo.com\/fr\/wp-json\/wp\/v2\/media?parent=5512"}],"wp:term":[{"taxonomy":"product_brand","embeddable":true,"href":"https:\/\/bodegassalzillo.com\/fr\/wp-json\/wp\/v2\/product_brand?post=5512"},{"taxonomy":"product_cat","embeddable":true,"href":"https:\/\/bodegassalzillo.com\/fr\/wp-json\/wp\/v2\/product_cat?post=5512"},{"taxonomy":"product_tag","embeddable":true,"href":"https:\/\/bodegassalzillo.com\/fr\/wp-json\/wp\/v2\/product_tag?post=5512"}],"curies":[{"name":"wp","href":"https:\/\/api.w.org\/{rel}","templated":true}]}}