{"id":5460,"date":"2019-09-04T14:04:05","date_gmt":"2019-09-04T14:04:05","guid":{"rendered":"http:\/\/bodegassalzillo.com\/nosotros\/"},"modified":"2021-06-28T18:27:53","modified_gmt":"2021-06-28T16:27:53","slug":"a-propos","status":"publish","type":"page","link":"https:\/\/bodegassalzillo.com\/fr\/a-propos\/","title":{"rendered":"\u00c0 propos"},"content":{"rendered":"<p>[vc_row css=\u00a0\u00bb.vc_custom_1570450046277{background-image: url(http:\/\/bodegassalzillo.com\/wp-content\/uploads\/2019\/09\/about-us-background-2.jpg?id=876) !important;background-position: center !important;background-repeat: no-repeat !important;background-size: cover !important;}\u00a0\u00bb el_class=\u00a0\u00bbextra-z-index\u00a0\u00bb][vc_column css=\u00a0\u00bb.vc_custom_1567673434359{padding-top: 0px !important;}\u00a0\u00bb][vc_row_inner row_content_width=\u00a0\u00bbgrid\u00a0\u00bb][vc_column_inner css=\u00a0\u00bb.vc_custom_1570451152921{padding-top: 175px !important;padding-right: 8.5% !important;padding-bottom: 126px !important;padding-left: 22px !important;}\u00a0\u00bb offset=\u00a0\u00bbvc_col-lg-6&Prime; column_responsive_padding_1366=\u00a0\u00bb175px 11.5% 126px 0&Prime; column_responsive_padding_1440=\u00a0\u00bb175px 11.5% 126 px\u00a0\u00bb column_responsive_padding_1024=\u00a0\u00bb125px 6.5% 126px\u00a0\u00bb column_responsive_padding_768=\u00a0\u00bb125px 6.5% 126px\u00a0\u00bb column_responsive_padding_680=\u00a0\u00bb125px 6.5% 0px\u00a0\u00bb]<div class=\"qodef-shortcode qodef-m  qodef-section-title qodef-alignment--left \">\n\t\t<h2 class=\"qodef-m-title\" >\n\t\t\u00c0 propos de nous\t\t<\/h2>\n\t\t<p class=\"qodef-m-subtitle\" style=\"color: #c8693a\">On aime ce que l\u2019on fait<\/p>\n\t<\/div>[vc_column_text css=\u00a0\u00bb.vc_custom_1621801312539{margin-top: -7px !important;}\u00a0\u00bb]Bodegas Salzillo a \u00e9t\u00e9 cr\u00e9\u00e9e en 2002, avec l&rsquo;objectif et la conviction du fondateur, Agust\u00edn Lac\u00e1rcel, de continuer \u00e0 se d\u00e9velopper dans le secteur vitivinicole, puisque ses d\u00e9buts remontent au d\u00e9but des ann\u00e9es 50.<\/p>\n<p>Bien qu&rsquo;il soit n\u00e9 \u00e0 La Alberca (Murcie), il parie sur Jumilla avec une grande perspective d\u2019avenir. Et c&rsquo;est ainsi que, comme il l&rsquo;avait pr\u00e9dit, l&rsquo;AOP Jumilla sera l&rsquo;une des plus importantes r\u00e9gions viticoles du monde, \u00e9tant \u00e0 ce jour l&rsquo;une des rares AOP \u00e0 s&rsquo;\u00eatre d\u00e9velopp\u00e9e sur de nombreux march\u00e9s.[\/vc_column_text][vc_empty_space height=\u00a0\u00bb52px\u00a0\u00bb][\/vc_column_inner][vc_column_inner css=\u00a0\u00bb.vc_custom_1570451172199{padding-top: 190px !important;padding-right: 8px !important;padding-bottom: 126px !important;padding-left: 4.5% !important;}\u00a0\u00bb offset=\u00a0\u00bbvc_col-lg-6&Prime; column_responsive_padding_1024=\u00a0\u00bb0px 6.5% 100px\u00a0\u00bb column_responsive_padding_680=\u00a0\u00bb100px 6.5% 90px\u00a0\u00bb column_responsive_padding_768=\u00a0\u00bb0px 6.5% 100px\u00a0\u00bb]<div class=\"qodef-shortcode qodef-m  qodef-image-with-text qodef-layout--text-over\">\n\t<div class=\"qodef-m-image\">\n\t\t\t\t<img loading=\"lazy\" decoding=\"async\" width=\"800\" height=\"594\" src=\"https:\/\/bodegassalzillo.com\/wp-content\/uploads\/2021\/06\/vinos-bodega-salzillo-tienda-online-vinos-jumilla.jpg\" class=\"attachment-full size-full\" alt=\"vinos-bodega-salzillo-tienda-online-vinos-jumilla\" srcset=\"https:\/\/bodegassalzillo.com\/wp-content\/uploads\/2021\/06\/vinos-bodega-salzillo-tienda-online-vinos-jumilla.jpg 800w, https:\/\/bodegassalzillo.com\/wp-content\/uploads\/2021\/06\/vinos-bodega-salzillo-tienda-online-vinos-jumilla-300x223.jpg 300w, https:\/\/bodegassalzillo.com\/wp-content\/uploads\/2021\/06\/vinos-bodega-salzillo-tienda-online-vinos-jumilla-768x570.jpg 768w, https:\/\/bodegassalzillo.com\/wp-content\/uploads\/2021\/06\/vinos-bodega-salzillo-tienda-online-vinos-jumilla-600x446.jpg 600w\" sizes=\"auto, (max-width: 800px) 100vw, 800px\" \/>\t\t\t<\/div>\t<div class=\"qodef-m-title-holder\">\n\t\t\t<h2 class=\"qodef-m-title\" style=\"color: #2b2824\">\n\t\t2003\t\t<\/h2>\n\t<\/div>\n\t<div class=\"qodef-m-content\">\n\t\t\t<p class=\"qodef-m-text\" style=\"color: #9d9796\">Situ\u00e9 au c\u0153ur de Jumilla<\/p>\n\t<\/div>\n<\/div><div class=\"qodef-shortcode qodef-m  qodef-stamp qodef-hide-on--1024 qodef--abs\"  style=\"color: #afafaf;color: #afafaf;width: 200px;height: 200px;bottom: 2%;left: -13%\" data-appearing-delay=\"0\">\n\t<div class=\"qodef-m-text\"\n\t     data-count=\"35\"><span class=\"qodef-m-character\">S<\/span> <span class=\"qodef-m-character\">A<\/span> <span class=\"qodef-m-character\">L<\/span> <span class=\"qodef-m-character\">Z<\/span> <span class=\"qodef-m-character\">I<\/span> <span class=\"qodef-m-character\">L<\/span> <span class=\"qodef-m-character\">L<\/span> <span class=\"qodef-m-character\">O<\/span> <span class=\"qodef-m-character\"> <\/span> <span class=\"qodef-m-character\">\u00ae<\/span> <span class=\"qodef-m-character\"> <\/span> <span class=\"qodef-m-character\">V<\/span> <span class=\"qodef-m-character\">I<\/span> <span class=\"qodef-m-character\">N<\/span> <span class=\"qodef-m-character\"> <\/span> <span class=\"qodef-m-character\">&amp;<\/span> <span class=\"qodef-m-character\"> <\/span> <span class=\"qodef-m-character\">C<\/span> <span class=\"qodef-m-character\">A<\/span> <span class=\"qodef-m-character\">V<\/span> <span class=\"qodef-m-character\">E<\/span> <span class=\"qodef-m-character\">S<\/span> <span class=\"qodef-m-character\"> <\/span> <span class=\"qodef-m-character\">D<\/span> <span class=\"qodef-m-character\">E<\/span> <span class=\"qodef-m-character\"> <\/span> <span class=\"qodef-m-character\">Q<\/span> <span class=\"qodef-m-character\">U<\/span> <span class=\"qodef-m-character\">A<\/span> <span class=\"qodef-m-character\">L<\/span> <span class=\"qodef-m-character\">I<\/span> <span class=\"qodef-m-character\">T<\/span> <span class=\"qodef-m-character\">\u00c9<\/span> <span class=\"qodef-m-character\"> <\/span> <span class=\"qodef-m-character\">\u00ae<\/span><\/div>\n\t\t\t<div class=\"qodef-m-centered-text\" style=\"font-size: 60px;color: #afafaf\">\n\t\t\tS\t\t<\/div>\n\t\t<\/div>[\/vc_column_inner][\/vc_row_inner][\/vc_column][\/vc_row][vc_row row_content_width=\u00a0\u00bbgrid\u00a0\u00bb css=\u00a0\u00bb.vc_custom_1610541050869{padding-top: 100px !important;padding-bottom: 100px !important;}\u00a0\u00bb][vc_column width=\u00a0\u00bb1\/2&Prime; css=\u00a0\u00bb.vc_custom_1610541244183{margin-left: -80px !important;}\u00a0\u00bb]<div class=\"qodef-shortcode qodef-m  qodef-image-with-text qodef-layout--text-over\">\n\t<div class=\"qodef-m-image\">\n\t\t\t\t<img loading=\"lazy\" decoding=\"async\" width=\"599\" height=\"516\" src=\"https:\/\/bodegassalzillo.com\/wp-content\/uploads\/2021\/01\/Composicion-1-e1610540974154.png\" class=\"attachment-full size-full\" alt=\"\" srcset=\"https:\/\/bodegassalzillo.com\/wp-content\/uploads\/2021\/01\/Composicion-1-e1610540974154.png 599w, https:\/\/bodegassalzillo.com\/wp-content\/uploads\/2021\/01\/Composicion-1-e1610540974154-300x258.png 300w\" sizes=\"auto, (max-width: 599px) 100vw, 599px\" \/>\t\t\t<\/div>\t<div class=\"qodef-m-title-holder\">\n\t\t\t<\/div>\n\t<div class=\"qodef-m-content\">\n\t\t\t<\/div>\n<\/div>[\/vc_column][vc_column width=\u00a0\u00bb1\/2&Prime; css=\u00a0\u00bb.vc_custom_1612524897772{padding-top: 30px !important;}\u00a0\u00bb]<div class=\"qodef-shortcode qodef-m  qodef-section-title qodef-alignment--left \">\n\t\t<h2 class=\"qodef-m-title\" >\n\t\tNotre cave\t\t<\/h2>\n\t\t<p class=\"qodef-m-subtitle\" style=\"color: #c8693a\">Bienvenue dans notre maison, votre maison<\/p>\n\t<\/div>[vc_column_text css=\u00a0\u00bb.vc_custom_1621801491422{margin-top: -7px !important;}\u00a0\u00bb]Bodegas Salzillo est situ\u00e9 au pied des montagnes Sopalmo, dans la commune rurale de Jumilla, \u00e0 Las Encebras. Notre cave a une capacit\u00e9 de production de 2 millions de kg de raisins. En outre, nous disposons des derni\u00e8res technologies en mati\u00e8re de d\u00e9veloppement et de contr\u00f4le des produits en cours.<\/p>\n<p>Dans nos caves, nous travaillons aves 3 diff\u00e9rents types de cuve pour la vinification et l\u2019\u00e9levage: le ciment, l&rsquo;acier inoxydable et le bois. Notre Parc de F\u00fbts a actuellement une capacit\u00e9 de vieillissement de 60 000 bouteilles.[\/vc_column_text][\/vc_column][\/vc_row][vc_row css=\u00a0\u00bb.vc_custom_1567674143067{padding-right: 3.7% !important;padding-bottom: 91px !important;padding-left: 3.7% !important;}\u00a0\u00bb][vc_column][vc_row_inner css=\u00a0\u00bb.vc_custom_1621799648403{background-image: url(https:\/\/bodegassalzillo.com\/wp-content\/uploads\/2021\/05\/Fondo-cta-vinos-de-jumilla-bodegas-salzillo-spain.jpg?id=6487) !important;background-position: center !important;background-repeat: no-repeat !important;background-size: cover !important;}\u00a0\u00bb][vc_column_inner css=\u00a0\u00bb.vc_custom_1570451214193{padding-top: 93px !important;padding-right: 12% !important;padding-bottom: 93px !important;padding-left: 12% !important;}\u00a0\u00bb column_responsive_padding_1440=\u00a0\u00bb93px 10%\u00a0\u00bb column_responsive_padding_1366=\u00a0\u00bb93px 10%\u00a0\u00bb column_responsive_padding_1280=\u00a0\u00bb93px 10%\u00a0\u00bb column_responsive_padding_680=\u00a0\u00bb93px 11%\u00a0\u00bb]<div class=\"qodef-shortcode qodef-m  qodef-call-to-action qodef-layout--standard qodef-style--stretched\">\n\t<div class=\"qodef-m-inner\">\n\t\t\t<div class=\"qodef-m-content\">\n<h3>Notre s\u00e9lection de vins<\/h3>\n<\/div>\n\t\t\t<div class=\"qodef-m-button\">\n\t\t<a class=\"qodef-shortcode qodef-m  qodef-button qodef-layout--filled  qodef-html--link\" href=\"https:\/\/bodegassalzillo.com\/fr\/professionale\/\" target=\"_self\"  ><span class=\"qodef-m-text\">En Savoir Plus<\/span><\/a>\t<\/div>\n\t<\/div>\n<\/div>[\/vc_column_inner][\/vc_row_inner][\/vc_column][\/vc_row][vc_row row_content_width=\u00a0\u00bbgrid\u00a0\u00bb css=\u00a0\u00bb.vc_custom_1572962685064{padding-bottom: 100px !important;}\u00a0\u00bb el_class=\u00a0\u00bbqodef-custom-icon-row\u00a0\u00bb][vc_column width=\u00a0\u00bb1\/2&Prime; offset=\u00a0\u00bbvc_col-lg-3&Prime; css=\u00a0\u00bb.vc_custom_1569941328133{padding-top: 47px !important;padding-right: 40px !important;}\u00a0\u00bb column_responsive_padding_1024=\u00a0\u00bb40px 5% 0&Prime; column_responsive_padding_768=\u00a0\u00bb40px 5% 0&Prime; column_responsive_padding_680=\u00a0\u00bb40px 7% 0&Prime;]<div class=\"qodef-shortcode qodef-m  qodef-icon-with-text qodef-layout--top qodef--custom-icon qodef-alignment--center\">\n\t<div class=\"qodef-m-icon-wrapper\">\n\t\t\t\t<img loading=\"lazy\" decoding=\"async\" width=\"70\" height=\"70\" src=\"https:\/\/bodegassalzillo.com\/wp-content\/uploads\/2019\/09\/h1-custom-icon-1.png\" class=\"attachment-full size-full\" alt=\"d\" \/>\t\t<\/div>\n\t<div class=\"qodef-m-content\">\n\t\t\t<h5 class=\"qodef-m-title\" >\n\t\t<span class=\"qodef-m-title-text\">Le climat m\u00e9diterran\u00e9en<\/span>\n\t\t<\/h5>\n\t\t\t\t<p class=\"qodef-m-text\" style=\"margin-top: 10px\">Nos vignobles profitent de la chaleur du soleil et de la proximit\u00e9 de la mer.<\/p>\n\t\t<\/div>\n<\/div>[vc_empty_space height=\u00a0\u00bb54px\u00a0\u00bb]<div class=\"qodef-shortcode qodef-m  qodef-icon-with-text qodef-layout--top qodef--custom-icon qodef-alignment--center\">\n\t<div class=\"qodef-m-icon-wrapper\">\n\t\t\t\t<img loading=\"lazy\" decoding=\"async\" width=\"70\" height=\"70\" src=\"https:\/\/bodegassalzillo.com\/wp-content\/uploads\/2019\/09\/h1-custom-icon-3.png\" class=\"attachment-full size-full\" alt=\"d\" \/>\t\t<\/div>\n\t<div class=\"qodef-m-content\">\n\t\t\t<h5 class=\"qodef-m-title\" >\n\t\t<span class=\"qodef-m-title-text\">Vigne de qualit\u00e9<\/span>\n\t\t<\/h5>\n\t\t\t\t<p class=\"qodef-m-text\" style=\"margin-top: 10px\">Elle apporte richesse et des nuances uniques..<\/p>\n\t\t<\/div>\n<\/div>[vc_empty_space][\/vc_column][vc_column width=\u00a0\u00bb1\/2&Prime; offset=\u00a0\u00bbvc_col-lg-3&Prime; css=\u00a0\u00bb.vc_custom_1569941338324{padding-top: 47px !important;padding-right: 40px !important;}\u00a0\u00bb column_responsive_padding_1024=\u00a0\u00bb40px 5% 0&Prime; column_responsive_padding_768=\u00a0\u00bb40px 5% 0&Prime; column_responsive_padding_680=\u00a0\u00bb40px 7% 0&Prime;]<div class=\"qodef-shortcode qodef-m  qodef-icon-with-text qodef-layout--top qodef--custom-icon qodef-alignment--center\">\n\t<div class=\"qodef-m-icon-wrapper\">\n\t\t\t\t<img loading=\"lazy\" decoding=\"async\" width=\"70\" height=\"70\" src=\"https:\/\/bodegassalzillo.com\/wp-content\/uploads\/2019\/09\/h1-custom-icon-2.png\" class=\"attachment-full size-full\" alt=\"d\" \/>\t\t<\/div>\n\t<div class=\"qodef-m-content\">\n\t\t\t<h5 class=\"qodef-m-title\" >\n\t\t<span class=\"qodef-m-title-text\">Des terres fertiles<\/span>\n\t\t<\/h5>\n\t\t\t\t<p class=\"qodef-m-text\" style=\"margin-top: 10px\">Pas d&#039;utilisation de produits chimiques qui \u00e9liminent les nutriments du sol<\/p>\n\t\t<\/div>\n<\/div>[vc_empty_space height=\u00a0\u00bb54px\u00a0\u00bb]<div class=\"qodef-shortcode qodef-m  qodef-icon-with-text qodef-layout--top qodef--custom-icon qodef-alignment--center\">\n\t<div class=\"qodef-m-icon-wrapper\">\n\t\t\t\t<img loading=\"lazy\" decoding=\"async\" width=\"70\" height=\"70\" src=\"https:\/\/bodegassalzillo.com\/wp-content\/uploads\/2019\/09\/h1-custom-icon-4.png\" class=\"attachment-full size-full\" alt=\"d\" \/>\t\t<\/div>\n\t<div class=\"qodef-m-content\">\n\t\t\t<h5 class=\"qodef-m-title\" >\n\t\t<span class=\"qodef-m-title-text\">Go\u00fbt et essence<\/span>\n\t\t<\/h5>\n\t\t\t\t<p class=\"qodef-m-text\" style=\"margin-top: 10px\">En raison de tous les facteurs susmentionn\u00e9s.<\/p>\n\t\t<\/div>\n<\/div>[vc_empty_space][\/vc_column][vc_column css=\u00a0\u00bb.vc_custom_1569941281389{padding-left: 128px !important;background-image: url(https:\/\/aperitif.qodeinteractive.com\/wp-content\/uploads\/2019\/08\/h1-img-9.jpg?id=181) !important;}\u00a0\u00bb offset=\u00a0\u00bbvc_col-lg-6&Prime; column_responsive_padding_1440=\u00a0\u00bb38px 0 0 54px\u00a0\u00bb column_responsive_padding_1366=\u00a0\u00bb40px 0 0 54px\u00a0\u00bb column_responsive_padding_1280=\u00a0\u00bb40px 0 0 44px\u00a0\u00bb column_responsive_padding_1024=\u00a0\u00bb60px 15% 0 0&Prime; column_responsive_padding_768=\u00a0\u00bb90px 12px 0&Prime; column_responsive_padding_680=\u00a0\u00bb90px 16px 0&Prime;]<div class=\"qodef-shortcode qodef-m  qodef-section-title qodef-alignment--left \">\n\t\t<h3 class=\"qodef-m-title\" >\n\t\tBien plus que du vin\t\t<\/h3>\n\t\t<p class=\"qodef-m-subtitle\" style=\"color: #c8693a\">Le climat, l&#039;affection et la connaissance<\/p>\n\t<\/div>[vc_column_text css=\u00a0\u00bb.vc_custom_1609779293039{margin-top: -8px !important;}\u00a0\u00bb]La production de vin est une t\u00e2che qui requiert des soins sp\u00e9cifiques \u00e0 chacune de ses \u00e9tapes : de l&#8217;emplacement des vignobles \u00e0 la temp\u00e9rature et \u00e0 l&rsquo;\u00e9clairage pour la mise en bouteille.[\/vc_column_text][vc_column_text]C&rsquo;est pourquoi, dans nos caves, nous ne nous limitons pas seulement aux avantages offerts par le climat m\u00e9diterran\u00e9en, mais nous effectuons \u00e9galement des analyses et des am\u00e9liorations dans chaque processus pour respecter les saveurs et essayer de minimiser toute alt\u00e9ration.[\/vc_column_text][vc_empty_space height=\u00a0\u00bb52px\u00a0\u00bb][vc_row_inner][vc_column_inner el_class=\u00a0\u00bbextra-z-index\u00a0\u00bb width=\u00a0\u00bb1\/2&Prime;]<a class=\"qodef-shortcode qodef-m  qodef-button qodef-layout--filled  qodef-html--link\" href=\"https:\/\/bodegassalzillo.com\/fr\/vignobles\/\" target=\"_self\"  ><span class=\"qodef-m-text\">En savoir plus<\/span><\/a>[\/vc_column_inner][vc_column_inner width=\u00a0\u00bb1\/2&Prime; css=\u00a0\u00bb.vc_custom_1571135130891{margin-top: -55px !important;}\u00a0\u00bb column_responsive_padding_768=\u00a0\u00bb0 0 10px 0&Prime; column_responsive_padding_1024=\u00a0\u00bb0 0 10px 0&Prime;][vc_single_image image=\u00a0\u00bb833&Prime; img_size=\u00a0\u00bbfull\u00a0\u00bb alignment=\u00a0\u00bbcenter\u00a0\u00bb][\/vc_column_inner][\/vc_row_inner][\/vc_column][\/vc_row]<\/p>\n","protected":false},"excerpt":{"rendered":"<p>[vc_row css=\u00a0\u00bb.vc_custom_1570450046277{background-image: url(http:\/\/bodegassalzillo.com\/wp-content\/uploads\/2019\/09\/about-us-background-2.jpg?id=876) !important;background-position: center !important;background-repeat: no-repeat !important;background-size: cover !important;}\u00a0\u00bb el_class=\u00a0\u00bbextra-z-index\u00a0\u00bb][vc_column css=\u00a0\u00bb.vc_custom_1567673434359{padding-top: 0px !important;}\u00a0\u00bb][vc_row_inner row_content_width=\u00a0\u00bbgrid\u00a0\u00bb][vc_column_inner css=\u00a0\u00bb.vc_custom_1570451152921{padding-top: 175px !important;padding-right: 8.5% !important;padding-bottom: 126px !important;padding-left: 22px !important;}\u00a0\u00bb offset=\u00a0\u00bbvc_col-lg-6&Prime; column_responsive_padding_1366=\u00a0\u00bb175px 11.5% 126px 0&Prime; column_responsive_padding_1440=\u00a0\u00bb175px 11.5% 126 px\u00a0\u00bb column_responsive_padding_1024=\u00a0\u00bb125px 6.5% 126px\u00a0\u00bb column_responsive_padding_768=\u00a0\u00bb125px 6.5% 126px\u00a0\u00bb column_responsive_padding_680=\u00a0\u00bb125px 6.5% 0px\u00a0\u00bb][vc_column_text css=\u00a0\u00bb.vc_custom_1621801312539{margin-top: -7px !important;}\u00a0\u00bb]Bodegas Salzillo a \u00e9t\u00e9 cr\u00e9\u00e9e en 2002, avec l&rsquo;objectif et la [&hellip;]<\/p>\n","protected":false},"author":3,"featured_media":0,"parent":0,"menu_order":0,"comment_status":"closed","ping_status":"closed","template":"page-full-width.php","meta":{"footnotes":""},"class_list":["post-5460","page","type-page","status-publish","hentry"],"yoast_head":"<!-- This site is optimized with the Yoast SEO plugin v26.7 - https:\/\/yoast.com\/wordpress\/plugins\/seo\/ -->\n<title>\u00c0 propos - Bodegas Salzillo<\/title>\n<meta name=\"robots\" content=\"index, follow, max-snippet:-1, max-image-preview:large, max-video-preview:-1\" \/>\n<link rel=\"canonical\" href=\"https:\/\/bodegassalzillo.com\/fr\/a-propos\/\" \/>\n<meta property=\"og:locale\" content=\"fr_FR\" \/>\n<meta property=\"og:type\" content=\"article\" \/>\n<meta property=\"og:title\" content=\"\u00c0 propos - Bodegas Salzillo\" \/>\n<meta property=\"og:description\" content=\"[vc_row css=\u00a0\u00bb.vc_custom_1570450046277{background-image: url(http:\/\/bodegassalzillo.com\/wp-content\/uploads\/2019\/09\/about-us-background-2.jpg?id=876) !important;background-position: center !important;background-repeat: no-repeat !important;background-size: cover !important;}\u00a0\u00bb el_class=\u00a0\u00bbextra-z-index\u00a0\u00bb][vc_column css=\u00a0\u00bb.vc_custom_1567673434359{padding-top: 0px !important;}\u00a0\u00bb][vc_row_inner row_content_width=\u00a0\u00bbgrid\u00a0\u00bb][vc_column_inner css=\u00a0\u00bb.vc_custom_1570451152921{padding-top: 175px !important;padding-right: 8.5% !important;padding-bottom: 126px !important;padding-left: 22px !important;}\u00a0\u00bb offset=\u00a0\u00bbvc_col-lg-6&Prime; column_responsive_padding_1366=\u00a0\u00bb175px 11.5% 126px 0&Prime; column_responsive_padding_1440=\u00a0\u00bb175px 11.5% 126 px\u00a0\u00bb column_responsive_padding_1024=\u00a0\u00bb125px 6.5% 126px\u00a0\u00bb column_responsive_padding_768=\u00a0\u00bb125px 6.5% 126px\u00a0\u00bb column_responsive_padding_680=\u00a0\u00bb125px 6.5% 0px\u00a0\u00bb][vc_column_text css=\u00a0\u00bb.vc_custom_1621801312539{margin-top: -7px !important;}\u00a0\u00bb]Bodegas Salzillo a \u00e9t\u00e9 cr\u00e9\u00e9e en 2002, avec l&rsquo;objectif et la [&hellip;]\" \/>\n<meta property=\"og:url\" content=\"https:\/\/bodegassalzillo.com\/fr\/a-propos\/\" \/>\n<meta property=\"og:site_name\" content=\"Bodegas Salzillo\" \/>\n<meta property=\"article:modified_time\" content=\"2021-06-28T16:27:53+00:00\" \/>\n<meta name=\"twitter:card\" content=\"summary_large_image\" \/>\n<meta name=\"twitter:label1\" content=\"Dur\u00e9e de lecture estim\u00e9e\" \/>\n\t<meta name=\"twitter:data1\" content=\"6 minutes\" \/>\n<script type=\"application\/ld+json\" class=\"yoast-schema-graph\">{\"@context\":\"https:\/\/schema.org\",\"@graph\":[{\"@type\":\"WebPage\",\"@id\":\"https:\/\/bodegassalzillo.com\/fr\/a-propos\/\",\"url\":\"https:\/\/bodegassalzillo.com\/fr\/a-propos\/\",\"name\":\"\u00c0 propos - Bodegas Salzillo\",\"isPartOf\":{\"@id\":\"https:\/\/bodegassalzillo.com\/#website\"},\"datePublished\":\"2019-09-04T14:04:05+00:00\",\"dateModified\":\"2021-06-28T16:27:53+00:00\",\"breadcrumb\":{\"@id\":\"https:\/\/bodegassalzillo.com\/fr\/a-propos\/#breadcrumb\"},\"inLanguage\":\"fr-FR\",\"potentialAction\":[{\"@type\":\"ReadAction\",\"target\":[\"https:\/\/bodegassalzillo.com\/fr\/a-propos\/\"]}]},{\"@type\":\"BreadcrumbList\",\"@id\":\"https:\/\/bodegassalzillo.com\/fr\/a-propos\/#breadcrumb\",\"itemListElement\":[{\"@type\":\"ListItem\",\"position\":1,\"name\":\"Portada\",\"item\":\"https:\/\/bodegassalzillo.com\/fr\/\"},{\"@type\":\"ListItem\",\"position\":2,\"name\":\"\u00c0 propos\"}]},{\"@type\":\"WebSite\",\"@id\":\"https:\/\/bodegassalzillo.com\/#website\",\"url\":\"https:\/\/bodegassalzillo.com\/\",\"name\":\"Bodegas Salzillo\",\"description\":\"Bodegas de vino premium espa\u00f1oles\",\"potentialAction\":[{\"@type\":\"SearchAction\",\"target\":{\"@type\":\"EntryPoint\",\"urlTemplate\":\"https:\/\/bodegassalzillo.com\/?s={search_term_string}\"},\"query-input\":{\"@type\":\"PropertyValueSpecification\",\"valueRequired\":true,\"valueName\":\"search_term_string\"}}],\"inLanguage\":\"fr-FR\"}]}<\/script>\n<!-- \/ Yoast SEO plugin. -->","yoast_head_json":{"title":"\u00c0 propos - Bodegas Salzillo","robots":{"index":"index","follow":"follow","max-snippet":"max-snippet:-1","max-image-preview":"max-image-preview:large","max-video-preview":"max-video-preview:-1"},"canonical":"https:\/\/bodegassalzillo.com\/fr\/a-propos\/","og_locale":"fr_FR","og_type":"article","og_title":"\u00c0 propos - Bodegas Salzillo","og_description":"[vc_row css=\u00a0\u00bb.vc_custom_1570450046277{background-image: url(http:\/\/bodegassalzillo.com\/wp-content\/uploads\/2019\/09\/about-us-background-2.jpg?id=876) !important;background-position: center !important;background-repeat: no-repeat !important;background-size: cover !important;}\u00a0\u00bb el_class=\u00a0\u00bbextra-z-index\u00a0\u00bb][vc_column css=\u00a0\u00bb.vc_custom_1567673434359{padding-top: 0px !important;}\u00a0\u00bb][vc_row_inner row_content_width=\u00a0\u00bbgrid\u00a0\u00bb][vc_column_inner css=\u00a0\u00bb.vc_custom_1570451152921{padding-top: 175px !important;padding-right: 8.5% !important;padding-bottom: 126px !important;padding-left: 22px !important;}\u00a0\u00bb offset=\u00a0\u00bbvc_col-lg-6&Prime; column_responsive_padding_1366=\u00a0\u00bb175px 11.5% 126px 0&Prime; column_responsive_padding_1440=\u00a0\u00bb175px 11.5% 126 px\u00a0\u00bb column_responsive_padding_1024=\u00a0\u00bb125px 6.5% 126px\u00a0\u00bb column_responsive_padding_768=\u00a0\u00bb125px 6.5% 126px\u00a0\u00bb column_responsive_padding_680=\u00a0\u00bb125px 6.5% 0px\u00a0\u00bb][vc_column_text css=\u00a0\u00bb.vc_custom_1621801312539{margin-top: -7px !important;}\u00a0\u00bb]Bodegas Salzillo a \u00e9t\u00e9 cr\u00e9\u00e9e en 2002, avec l&rsquo;objectif et la [&hellip;]","og_url":"https:\/\/bodegassalzillo.com\/fr\/a-propos\/","og_site_name":"Bodegas Salzillo","article_modified_time":"2021-06-28T16:27:53+00:00","twitter_card":"summary_large_image","twitter_misc":{"Dur\u00e9e de lecture estim\u00e9e":"6 minutes"},"schema":{"@context":"https:\/\/schema.org","@graph":[{"@type":"WebPage","@id":"https:\/\/bodegassalzillo.com\/fr\/a-propos\/","url":"https:\/\/bodegassalzillo.com\/fr\/a-propos\/","name":"\u00c0 propos - Bodegas Salzillo","isPartOf":{"@id":"https:\/\/bodegassalzillo.com\/#website"},"datePublished":"2019-09-04T14:04:05+00:00","dateModified":"2021-06-28T16:27:53+00:00","breadcrumb":{"@id":"https:\/\/bodegassalzillo.com\/fr\/a-propos\/#breadcrumb"},"inLanguage":"fr-FR","potentialAction":[{"@type":"ReadAction","target":["https:\/\/bodegassalzillo.com\/fr\/a-propos\/"]}]},{"@type":"BreadcrumbList","@id":"https:\/\/bodegassalzillo.com\/fr\/a-propos\/#breadcrumb","itemListElement":[{"@type":"ListItem","position":1,"name":"Portada","item":"https:\/\/bodegassalzillo.com\/fr\/"},{"@type":"ListItem","position":2,"name":"\u00c0 propos"}]},{"@type":"WebSite","@id":"https:\/\/bodegassalzillo.com\/#website","url":"https:\/\/bodegassalzillo.com\/","name":"Bodegas Salzillo","description":"Bodegas de vino premium espa\u00f1oles","potentialAction":[{"@type":"SearchAction","target":{"@type":"EntryPoint","urlTemplate":"https:\/\/bodegassalzillo.com\/?s={search_term_string}"},"query-input":{"@type":"PropertyValueSpecification","valueRequired":true,"valueName":"search_term_string"}}],"inLanguage":"fr-FR"}]}},"_links":{"self":[{"href":"https:\/\/bodegassalzillo.com\/fr\/wp-json\/wp\/v2\/pages\/5460","targetHints":{"allow":["GET"]}}],"collection":[{"href":"https:\/\/bodegassalzillo.com\/fr\/wp-json\/wp\/v2\/pages"}],"about":[{"href":"https:\/\/bodegassalzillo.com\/fr\/wp-json\/wp\/v2\/types\/page"}],"author":[{"embeddable":true,"href":"https:\/\/bodegassalzillo.com\/fr\/wp-json\/wp\/v2\/users\/3"}],"replies":[{"embeddable":true,"href":"https:\/\/bodegassalzillo.com\/fr\/wp-json\/wp\/v2\/comments?post=5460"}],"version-history":[{"count":10,"href":"https:\/\/bodegassalzillo.com\/fr\/wp-json\/wp\/v2\/pages\/5460\/revisions"}],"predecessor-version":[{"id":6722,"href":"https:\/\/bodegassalzillo.com\/fr\/wp-json\/wp\/v2\/pages\/5460\/revisions\/6722"}],"wp:attachment":[{"href":"https:\/\/bodegassalzillo.com\/fr\/wp-json\/wp\/v2\/media?parent=5460"}],"curies":[{"name":"wp","href":"https:\/\/api.w.org\/{rel}","templated":true}]}}